{"id":1210,"date":"2018-06-02T21:25:06","date_gmt":"2018-06-02T21:25:06","guid":{"rendered":"http:\/\/www.fabian-zeller.de\/produkt\/novo-mundo-cd\/"},"modified":"2018-06-04T18:42:05","modified_gmt":"2018-06-04T18:42:05","slug":"novo-mundo-cd","status":"publish","type":"product","link":"https:\/\/www.fabian-zeller.de\/en\/produkt\/novo-mundo-cd\/","title":{"rendered":"Novo Mundo CD"},"content":{"rendered":"<p>CD &#8220;Novo Mundo&#8221;<\/p>\n<p>&nbsp;<\/p>\n<p>1. Sri Lanka<\/p>\n<p>2. Tu vu\u00f2 f\u00e0 l&#8217;americano<\/p>\n<p>3. Triste<\/p>\n<p>4. Otra<\/p>\n<p>5. Interlude (I)<\/p>\n<p>6. Children of Gaza<\/p>\n<p>7.Techno-Hangover<\/p>\n<p>8. Ai Chico Chico<\/p>\n<p>9. Xhosa&#8217;s Chameleon<\/p>\n<p>10. Tico-Tico No Fub\u00e1<\/p>\n<p>11. Beautiful Love<\/p>\n<p>12. Interlude (II)<\/p>\n<p>13. Spain<\/p>\n<p>14. Can\u00e7\u00e3o do Mar<\/p>\n","protected":false},"excerpt":{"rendered":"<p>CD &#8220;Novo Mundo&#8221; &nbsp; 1. Sri Lanka 2. Tu vu\u00f2 f\u00e0 l&#8217;americano 3. Triste 4. Otra 5. Interlude (I) 6. Children of Gaza 7.Techno-Hangover 8. Ai Chico Chico 9. Xhosa&#8217;s Chameleon 10. Tico-Tico No Fub\u00e1 11. Beautiful Love 12. Interlude (II) 13. Spain 14. Can\u00e7\u00e3o do Mar<\/p>\n","protected":false},"featured_media":1199,"comment_status":"closed","ping_status":"closed","template":"","meta":{"spay_email":"","jetpack_publicize_message":""},"jetpack_publicize_connections":[],"jetpack_sharing_enabled":true,"_links":{"self":[{"href":"https:\/\/www.fabian-zeller.de\/en\/wp-json\/wp\/v2\/product\/1210\/"}],"collection":[{"href":"https:\/\/www.fabian-zeller.de\/en\/wp-json\/wp\/v2\/product\/"}],"about":[{"href":"https:\/\/www.fabian-zeller.de\/en\/wp-json\/wp\/v2\/types\/product\/"}],"replies":[{"embeddable":true,"href":"https:\/\/www.fabian-zeller.de\/en\/wp-json\/wp\/v2\/comments\/?post=1210"}],"wp:featuredmedia":[{"embeddable":true,"href":"https:\/\/www.fabian-zeller.de\/en\/wp-json\/wp\/v2\/media\/1199\/"}],"wp:attachment":[{"href":"https:\/\/www.fabian-zeller.de\/en\/wp-json\/wp\/v2\/media\/?parent=1210"}],"curies":[{"name":"wp","href":"https:\/\/api.w.org\/{rel}","templated":true}]}}